{"id":2909,"date":"2023-01-12T09:17:08","date_gmt":"2023-01-12T13:17:08","guid":{"rendered":"https:\/\/www.mp-ce.ca\/?page_id=2909"},"modified":"2023-04-06T10:19:30","modified_gmt":"2023-04-06T13:19:30","slug":"impressum","status":"publish","type":"page","link":"https:\/\/www.mp-ce.com\/en\/impressum\/","title":{"rendered":"Imprint"},"content":{"rendered":"<div data-elementor-type=\"wp-page\" data-elementor-id=\"2909\" class=\"elementor elementor-2909\" data-elementor-post-type=\"page\">\n\t\t\t\t\t\t<section class=\"elementor-section elementor-top-section elementor-element elementor-element-24fd29b elementor-section-boxed elementor-section-height-default elementor-section-height-default\" data-id=\"24fd29b\" data-element_type=\"section\">\n\t\t\t\t\t\t<div class=\"elementor-container elementor-column-gap-default\">\n\t\t\t\t\t<div class=\"elementor-column elementor-col-100 elementor-top-column elementor-element elementor-element-16eb70b\" data-id=\"16eb70b\" data-element_type=\"column\">\n\t\t\t<div class=\"elementor-widget-wrap elementor-element-populated\">\n\t\t\t\t\t\t<div class=\"elementor-element elementor-element-54577e8 elementor-widget elementor-widget-heading\" data-id=\"54577e8\" data-element_type=\"widget\" data-widget_type=\"heading.default\">\n\t\t\t\t<div class=\"elementor-widget-container\">\n\t\t\t\t\t<h2 class=\"elementor-heading-title elementor-size-default\">Imprint<\/h2>\t\t\t\t<\/div>\n\t\t\t\t<\/div>\n\t\t\t\t\t<\/div>\n\t\t<\/div>\n\t\t\t\t\t<\/div>\n\t\t<\/section>\n\t\t\t\t<section class=\"elementor-section elementor-top-section elementor-element elementor-element-ac03e17 elementor-section-boxed elementor-section-height-default elementor-section-height-default\" data-id=\"ac03e17\" data-element_type=\"section\">\n\t\t\t\t\t\t<div class=\"elementor-container elementor-column-gap-default\">\n\t\t\t\t\t<div class=\"elementor-column elementor-col-100 elementor-top-column elementor-element elementor-element-f0d78a1\" data-id=\"f0d78a1\" data-element_type=\"column\">\n\t\t\t<div class=\"elementor-widget-wrap elementor-element-populated\">\n\t\t\t\t\t\t<div class=\"elementor-element elementor-element-5eb1cb2 elementor-widget elementor-widget-text-editor\" data-id=\"5eb1cb2\" data-element_type=\"widget\" data-widget_type=\"text-editor.default\">\n\t\t\t\t<div class=\"elementor-widget-container\">\n\t\t\t\t\t\t\t\t\t<p class=\"p1\" style=\"text-align: center;\"><b>m-p customs education Ltd.<\/b><\/p><p class=\"p1\" style=\"text-align: center;\"><b>CEO Andrea Guerrero Vallejo<\/b><\/p><p class=\"p1\" style=\"text-align: center;\"><b>Diepenseer Str. 10<\/b><\/p><p class=\"p1\" style=\"text-align: center;\"><b>12529 Sch\u00f6nefeld<\/b><\/p><p class=\"p1\" style=\"text-align: center;\"><b>Phone: +49 30 439 738 710<\/b><\/p><p class=\"p1\" style=\"text-align: center;\"><b>Email: info@mp-ce.com<\/b><\/p><p class=\"p1\" style=\"text-align: center;\"><strong>USt.-Nr.: DE332149218\u00a0<\/strong><\/p><p class=\"p1\" style=\"text-align: center;\"><strong style=\"color: var( --e-global-color-text ); font-family: var( --e-global-typography-text-font-family ), Sans-serif; font-size: var( --e-global-typography-text-font-size );\">Registernumber Canada Nova Scotia 3334235<\/strong><\/p>\t\t\t\t\t\t\t\t<\/div>\n\t\t\t\t<\/div>\n\t\t\t\t\t<\/div>\n\t\t<\/div>\n\t\t\t\t\t<\/div>\n\t\t<\/section>\n\t\t\t\t<section class=\"elementor-section elementor-top-section elementor-element elementor-element-29d0b8d elementor-section-boxed elementor-section-height-default elementor-section-height-default\" data-id=\"29d0b8d\" data-element_type=\"section\">\n\t\t\t\t\t\t<div class=\"elementor-container elementor-column-gap-default\">\n\t\t\t\t\t<div class=\"elementor-column elementor-col-100 elementor-top-column elementor-element elementor-element-a347df2\" data-id=\"a347df2\" data-element_type=\"column\">\n\t\t\t<div class=\"elementor-widget-wrap elementor-element-populated\">\n\t\t\t\t\t\t<div class=\"elementor-element elementor-element-7fd0ad8 elementor-widget elementor-widget-heading\" data-id=\"7fd0ad8\" data-element_type=\"widget\" data-widget_type=\"heading.default\">\n\t\t\t\t<div class=\"elementor-widget-container\">\n\t\t\t\t\t<h2 class=\"elementor-heading-title elementor-size-default\">Copyright<\/h2>\t\t\t\t<\/div>\n\t\t\t\t<\/div>\n\t\t\t\t\t<\/div>\n\t\t<\/div>\n\t\t\t\t\t<\/div>\n\t\t<\/section>\n\t\t\t\t<section class=\"elementor-section elementor-top-section elementor-element elementor-element-fcbe470 elementor-section-boxed elementor-section-height-default elementor-section-height-default\" data-id=\"fcbe470\" data-element_type=\"section\">\n\t\t\t\t\t\t<div class=\"elementor-container elementor-column-gap-default\">\n\t\t\t\t\t<div class=\"elementor-column elementor-col-100 elementor-top-column elementor-element elementor-element-0441666\" data-id=\"0441666\" data-element_type=\"column\">\n\t\t\t<div class=\"elementor-widget-wrap elementor-element-populated\">\n\t\t\t\t\t\t<div class=\"elementor-element elementor-element-3a4b397 elementor-widget elementor-widget-text-editor\" data-id=\"3a4b397\" data-element_type=\"widget\" data-widget_type=\"text-editor.default\">\n\t\t\t\t<div class=\"elementor-widget-container\">\n\t\t\t\t\t\t\t\t\t<p data-pm-slice=\"1 1 [&quot;orderedList&quot;,{&quot;start&quot;:1},&quot;listItem&quot;,{}]\">The training materials prepared by m-p customs education Ltd. have been produced to the best of our knowledge and with the greatest possible care. <br \/>No liability is assumed for the accuracy of the statements made.<br \/>The training documents created by m-p customs education Ltd. enjoy copyright protection.<br \/>The rights justified thereby, in particular those of the translation, the reprinting, the extraction of illustrations, the reproduction by photomechanical or similar means and the storage in data processing systems remain reserved!<\/p>\t\t\t\t\t\t\t\t<\/div>\n\t\t\t\t<\/div>\n\t\t\t\t\t<\/div>\n\t\t<\/div>\n\t\t\t\t\t<\/div>\n\t\t<\/section>\n\t\t\t\t<\/div>","protected":false},"excerpt":{"rendered":"<p>Impressum m-p customs education Ltd. CEO Andrea Guerrero Vallejo Diepenseer Str. 10 12529 Sch\u00f6nefeld Tel.: +49 30 439 738 710 E-Mail: info@mp-ce.com USt.-Nr.: DE332149218\u00a0 Registereintrag Canada Nova Scotia 3334235 Urheberrecht Die von m-p customs education Ltd. erstellten Schulungsunterlagen sind nach besten Wissen und unter Beachtung gr\u00f6\u00dftm\u00f6glicher Sorgfalt gefertigt. F\u00fcr die Richtigkeit der gemachten Aussagen wird [&hellip;]<\/p>","protected":false},"author":3458,"featured_media":0,"parent":0,"menu_order":0,"comment_status":"closed","ping_status":"closed","template":"elementor_header_footer","meta":{"footnotes":""},"class_list":["post-2909","page","type-page","status-publish","hentry"],"yoast_head":"<!-- This site is optimized with the Yoast SEO plugin v26.2 - https:\/\/yoast.com\/wordpress\/plugins\/seo\/ -->\n<title>Impressum - m-p customs education Ltd.<\/title>\n<meta name=\"robots\" content=\"index, follow, max-snippet:-1, max-image-preview:large, max-video-preview:-1\" \/>\n<link rel=\"canonical\" href=\"https:\/\/www.mp-ce.com\/en\/impressum\/\" \/>\n<meta property=\"og:locale\" content=\"en_US\" \/>\n<meta property=\"og:type\" content=\"article\" \/>\n<meta property=\"og:title\" content=\"Impressum - m-p customs education Ltd.\" \/>\n<meta property=\"og:description\" content=\"Impressum m-p customs education Ltd. CEO Andrea Guerrero Vallejo Diepenseer Str. 10 12529 Sch\u00f6nefeld Tel.: +49 30 439 738 710 E-Mail: info@mp-ce.com USt.-Nr.: DE332149218\u00a0 Registereintrag Canada Nova Scotia 3334235 Urheberrecht Die von m-p customs education Ltd. erstellten Schulungsunterlagen sind nach besten Wissen und unter Beachtung gr\u00f6\u00dftm\u00f6glicher Sorgfalt gefertigt. F\u00fcr die Richtigkeit der gemachten Aussagen wird [&hellip;]\" \/>\n<meta property=\"og:url\" content=\"https:\/\/www.mp-ce.com\/en\/impressum\/\" \/>\n<meta property=\"og:site_name\" content=\"m-p customs education Ltd.\" \/>\n<meta property=\"article:modified_time\" content=\"2023-04-06T13:19:30+00:00\" \/>\n<script type=\"application\/ld+json\" class=\"yoast-schema-graph\">{\"@context\":\"https:\/\/schema.org\",\"@graph\":[{\"@type\":\"WebPage\",\"@id\":\"https:\/\/www.mp-ce.com\/impressum\/\",\"url\":\"https:\/\/www.mp-ce.com\/impressum\/\",\"name\":\"Impressum - m-p customs education Ltd.\",\"isPartOf\":{\"@id\":\"https:\/\/www.mp-ce.com\/#website\"},\"datePublished\":\"2023-01-12T13:17:08+00:00\",\"dateModified\":\"2023-04-06T13:19:30+00:00\",\"breadcrumb\":{\"@id\":\"https:\/\/www.mp-ce.com\/impressum\/#breadcrumb\"},\"inLanguage\":\"en-US\",\"potentialAction\":[{\"@type\":\"ReadAction\",\"target\":[\"https:\/\/www.mp-ce.com\/impressum\/\"]}]},{\"@type\":\"BreadcrumbList\",\"@id\":\"https:\/\/www.mp-ce.com\/impressum\/#breadcrumb\",\"itemListElement\":[{\"@type\":\"ListItem\",\"position\":1,\"name\":\"Home\",\"item\":\"https:\/\/www.mp-ce.com\/\"},{\"@type\":\"ListItem\",\"position\":2,\"name\":\"Impressum\"}]},{\"@type\":\"WebSite\",\"@id\":\"https:\/\/www.mp-ce.com\/#website\",\"url\":\"https:\/\/www.mp-ce.com\/\",\"name\":\"m-p customs education Ltd.\",\"description\":\"Wir lassen bzgl. Zoll und Au\u00dfenwirtschaft keine Fragen offen!\",\"publisher\":{\"@id\":\"https:\/\/www.mp-ce.com\/#organization\"},\"potentialAction\":[{\"@type\":\"SearchAction\",\"target\":{\"@type\":\"EntryPoint\",\"urlTemplate\":\"https:\/\/www.mp-ce.com\/?s={search_term_string}\"},\"query-input\":{\"@type\":\"PropertyValueSpecification\",\"valueRequired\":true,\"valueName\":\"search_term_string\"}}],\"inLanguage\":\"en-US\"},{\"@type\":\"Organization\",\"@id\":\"https:\/\/www.mp-ce.com\/#organization\",\"name\":\"m-p customs education Ltd.\",\"url\":\"https:\/\/www.mp-ce.com\/\",\"logo\":{\"@type\":\"ImageObject\",\"inLanguage\":\"en-US\",\"@id\":\"https:\/\/www.mp-ce.com\/#\/schema\/logo\/image\/\",\"url\":\"https:\/\/www.mp-ce.com\/wp-content\/uploads\/2023\/02\/mp-ce-logo.png\",\"contentUrl\":\"https:\/\/www.mp-ce.com\/wp-content\/uploads\/2023\/02\/mp-ce-logo.png\",\"width\":1639,\"height\":330,\"caption\":\"m-p customs education Ltd.\"},\"image\":{\"@id\":\"https:\/\/www.mp-ce.com\/#\/schema\/logo\/image\/\"}}]}<\/script>\n<!-- \/ Yoast SEO plugin. -->","yoast_head_json":{"title":"Impressum - m-p customs education Ltd.","robots":{"index":"index","follow":"follow","max-snippet":"max-snippet:-1","max-image-preview":"max-image-preview:large","max-video-preview":"max-video-preview:-1"},"canonical":"https:\/\/www.mp-ce.com\/en\/impressum\/","og_locale":"en_US","og_type":"article","og_title":"Impressum - m-p customs education Ltd.","og_description":"Impressum m-p customs education Ltd. CEO Andrea Guerrero Vallejo Diepenseer Str. 10 12529 Sch\u00f6nefeld Tel.: +49 30 439 738 710 E-Mail: info@mp-ce.com USt.-Nr.: DE332149218\u00a0 Registereintrag Canada Nova Scotia 3334235 Urheberrecht Die von m-p customs education Ltd. erstellten Schulungsunterlagen sind nach besten Wissen und unter Beachtung gr\u00f6\u00dftm\u00f6glicher Sorgfalt gefertigt. F\u00fcr die Richtigkeit der gemachten Aussagen wird [&hellip;]","og_url":"https:\/\/www.mp-ce.com\/en\/impressum\/","og_site_name":"m-p customs education Ltd.","article_modified_time":"2023-04-06T13:19:30+00:00","schema":{"@context":"https:\/\/schema.org","@graph":[{"@type":"WebPage","@id":"https:\/\/www.mp-ce.com\/impressum\/","url":"https:\/\/www.mp-ce.com\/impressum\/","name":"Impressum - m-p customs education Ltd.","isPartOf":{"@id":"https:\/\/www.mp-ce.com\/#website"},"datePublished":"2023-01-12T13:17:08+00:00","dateModified":"2023-04-06T13:19:30+00:00","breadcrumb":{"@id":"https:\/\/www.mp-ce.com\/impressum\/#breadcrumb"},"inLanguage":"en-US","potentialAction":[{"@type":"ReadAction","target":["https:\/\/www.mp-ce.com\/impressum\/"]}]},{"@type":"BreadcrumbList","@id":"https:\/\/www.mp-ce.com\/impressum\/#breadcrumb","itemListElement":[{"@type":"ListItem","position":1,"name":"Home","item":"https:\/\/www.mp-ce.com\/"},{"@type":"ListItem","position":2,"name":"Impressum"}]},{"@type":"WebSite","@id":"https:\/\/www.mp-ce.com\/#website","url":"https:\/\/www.mp-ce.com\/","name":"m-p customs education Ltd.","description":"In regards to customs and foreign trade, we leave no questions unanswered!","publisher":{"@id":"https:\/\/www.mp-ce.com\/#organization"},"potentialAction":[{"@type":"SearchAction","target":{"@type":"EntryPoint","urlTemplate":"https:\/\/www.mp-ce.com\/?s={search_term_string}"},"query-input":{"@type":"PropertyValueSpecification","valueRequired":true,"valueName":"search_term_string"}}],"inLanguage":"en-US"},{"@type":"Organization","@id":"https:\/\/www.mp-ce.com\/#organization","name":"m-p customs education Ltd.","url":"https:\/\/www.mp-ce.com\/","logo":{"@type":"ImageObject","inLanguage":"en-US","@id":"https:\/\/www.mp-ce.com\/#\/schema\/logo\/image\/","url":"https:\/\/www.mp-ce.com\/wp-content\/uploads\/2023\/02\/mp-ce-logo.png","contentUrl":"https:\/\/www.mp-ce.com\/wp-content\/uploads\/2023\/02\/mp-ce-logo.png","width":1639,"height":330,"caption":"m-p customs education Ltd."},"image":{"@id":"https:\/\/www.mp-ce.com\/#\/schema\/logo\/image\/"}}]}},"_links":{"self":[{"href":"https:\/\/www.mp-ce.com\/en\/wp-json\/wp\/v2\/pages\/2909","targetHints":{"allow":["GET"]}}],"collection":[{"href":"https:\/\/www.mp-ce.com\/en\/wp-json\/wp\/v2\/pages"}],"about":[{"href":"https:\/\/www.mp-ce.com\/en\/wp-json\/wp\/v2\/types\/page"}],"author":[{"embeddable":true,"href":"https:\/\/www.mp-ce.com\/en\/wp-json\/wp\/v2\/users\/3458"}],"replies":[{"embeddable":true,"href":"https:\/\/www.mp-ce.com\/en\/wp-json\/wp\/v2\/comments?post=2909"}],"version-history":[{"count":49,"href":"https:\/\/www.mp-ce.com\/en\/wp-json\/wp\/v2\/pages\/2909\/revisions"}],"predecessor-version":[{"id":3648,"href":"https:\/\/www.mp-ce.com\/en\/wp-json\/wp\/v2\/pages\/2909\/revisions\/3648"}],"wp:attachment":[{"href":"https:\/\/www.mp-ce.com\/en\/wp-json\/wp\/v2\/media?parent=2909"}],"curies":[{"name":"wp","href":"https:\/\/api.w.org\/{rel}","templated":true}]}}