{"id":1421,"date":"2022-08-09T21:05:42","date_gmt":"2022-08-10T00:05:42","guid":{"rendered":"https:\/\/www.mp-ce.ca\/?page_id=1421"},"modified":"2023-02-07T09:39:27","modified_gmt":"2023-02-07T13:39:27","slug":"kontakt","status":"publish","type":"page","link":"https:\/\/www.mp-ce.com\/en\/kontakt\/","title":{"rendered":"Contact"},"content":{"rendered":"<div data-elementor-type=\"wp-page\" data-elementor-id=\"1421\" class=\"elementor elementor-1421\" data-elementor-post-type=\"page\">\n\t\t\t\t\t\t<section class=\"elementor-section elementor-top-section elementor-element elementor-element-21828ac7 elementor-section-boxed elementor-section-height-default elementor-section-height-default\" data-id=\"21828ac7\" data-element_type=\"section\" data-settings=\"{&quot;background_background&quot;:&quot;classic&quot;}\">\n\t\t\t\t\t\t\t<div class=\"elementor-background-overlay\"><\/div>\n\t\t\t\t\t\t\t<div class=\"elementor-container elementor-column-gap-default\">\n\t\t\t\t\t<div class=\"elementor-column elementor-col-100 elementor-top-column elementor-element elementor-element-34004da4\" data-id=\"34004da4\" data-element_type=\"column\">\n\t\t\t<div class=\"elementor-widget-wrap elementor-element-populated\">\n\t\t\t\t\t\t<div class=\"elementor-element elementor-element-37b01bd2 elementor-widget elementor-widget-heading\" data-id=\"37b01bd2\" data-element_type=\"widget\" data-widget_type=\"heading.default\">\n\t\t\t\t<div class=\"elementor-widget-container\">\n\t\t\t\t\t<h2 class=\"elementor-heading-title elementor-size-default\">Contact us<\/h2>\t\t\t\t<\/div>\n\t\t\t\t<\/div>\n\t\t\t\t\t<\/div>\n\t\t<\/div>\n\t\t\t\t\t<\/div>\n\t\t<\/section>\n\t\t\t\t<section class=\"elementor-section elementor-top-section elementor-element elementor-element-37671fca elementor-section-boxed elementor-section-height-default elementor-section-height-default\" data-id=\"37671fca\" data-element_type=\"section\" data-settings=\"{&quot;background_background&quot;:&quot;classic&quot;}\">\n\t\t\t\t\t\t<div class=\"elementor-container elementor-column-gap-default\">\n\t\t\t\t\t<div class=\"elementor-column elementor-col-66 elementor-top-column elementor-element elementor-element-4d93bf72\" data-id=\"4d93bf72\" data-element_type=\"column\">\n\t\t\t<div class=\"elementor-widget-wrap elementor-element-populated\">\n\t\t\t\t\t\t<div class=\"elementor-element elementor-element-257e125c elementor-widget-divider--view-line_text elementor-widget-divider--element-align-center elementor-widget elementor-widget-divider\" data-id=\"257e125c\" data-element_type=\"widget\" data-widget_type=\"divider.default\">\n\t\t\t\t<div class=\"elementor-widget-container\">\n\t\t\t\t\t\t\t<div class=\"elementor-divider\">\n\t\t\t<span class=\"elementor-divider-separator\">\n\t\t\t\t\t\t\t<span class=\"elementor-divider__text elementor-divider__element\">\n\t\t\t\tContact Information\t\t\t\t<\/span>\n\t\t\t\t\t\t<\/span>\n\t\t<\/div>\n\t\t\t\t\t\t<\/div>\n\t\t\t\t<\/div>\n\t\t\t\t<div class=\"elementor-element elementor-element-2320b281 elementor-widget elementor-widget-heading\" data-id=\"2320b281\" data-element_type=\"widget\" data-widget_type=\"heading.default\">\n\t\t\t\t<div class=\"elementor-widget-container\">\n\t\t\t\t\t<h3 class=\"elementor-heading-title elementor-size-default\">Get your quote!<\/h3>\t\t\t\t<\/div>\n\t\t\t\t<\/div>\n\t\t\t\t<div class=\"elementor-element elementor-element-ad893e0 elementor-widget elementor-widget-text-editor\" data-id=\"ad893e0\" data-element_type=\"widget\" data-widget_type=\"text-editor.default\">\n\t\t\t\t<div class=\"elementor-widget-container\">\n\t\t\t\t\t\t\t\t\t<p>Contact us! We will consult you in detail and discuss our best services for your specific needs.<\/p>\t\t\t\t\t\t\t\t<\/div>\n\t\t\t\t<\/div>\n\t\t\t\t<div class=\"elementor-element elementor-element-336caacf elementor-view-stacked elementor-shape-square elementor-position-left elementor-mobile-position-top elementor-widget elementor-widget-icon-box\" data-id=\"336caacf\" data-element_type=\"widget\" data-widget_type=\"icon-box.default\">\n\t\t\t\t<div class=\"elementor-widget-container\">\n\t\t\t\t\t\t\t<div class=\"elementor-icon-box-wrapper\">\n\n\t\t\t\t\t\t<div class=\"elementor-icon-box-icon\">\n\t\t\t\t<span  class=\"elementor-icon\">\n\t\t\t\t<i aria-hidden=\"true\" class=\"fas fa-envelope\"><\/i>\t\t\t\t<\/span>\n\t\t\t<\/div>\n\t\t\t\n\t\t\t\t\t\t<div class=\"elementor-icon-box-content\">\n\n\t\t\t\t\t\t\t\t\t<h4 class=\"elementor-icon-box-title\">\n\t\t\t\t\t\t<span  >\n\t\t\t\t\t\t\tinfo@mp-ce.com\t\t\t\t\t\t<\/span>\n\t\t\t\t\t<\/h4>\n\t\t\t\t\n\t\t\t\t\t\t\t\t\t<p class=\"elementor-icon-box-description\">\n\t\t\t\t\t\tWrite us an email.\t\t\t\t\t<\/p>\n\t\t\t\t\n\t\t\t<\/div>\n\t\t\t\n\t\t<\/div>\n\t\t\t\t\t\t<\/div>\n\t\t\t\t<\/div>\n\t\t\t\t<div class=\"elementor-element elementor-element-2d0c477b elementor-view-stacked elementor-shape-square elementor-position-left elementor-mobile-position-top elementor-widget elementor-widget-icon-box\" data-id=\"2d0c477b\" data-element_type=\"widget\" data-widget_type=\"icon-box.default\">\n\t\t\t\t<div class=\"elementor-widget-container\">\n\t\t\t\t\t\t\t<div class=\"elementor-icon-box-wrapper\">\n\n\t\t\t\t\t\t<div class=\"elementor-icon-box-icon\">\n\t\t\t\t<span  class=\"elementor-icon\">\n\t\t\t\t<i aria-hidden=\"true\" class=\"fas fa-map-marker-alt\"><\/i>\t\t\t\t<\/span>\n\t\t\t<\/div>\n\t\t\t\n\t\t\t\t\t\t<div class=\"elementor-icon-box-content\">\n\n\t\t\t\t\t\t\t\t\t<h4 class=\"elementor-icon-box-title\">\n\t\t\t\t\t\t<span  >\n\t\t\t\t\t\t\tm-p customs education Germany Ltd. Diepenseer Str. 10, 12529 Sch\u00f6nefeld\t\t\t\t\t\t<\/span>\n\t\t\t\t\t<\/h4>\n\t\t\t\t\n\t\t\t\t\t\t\t\t\t<p class=\"elementor-icon-box-description\">\n\t\t\t\t\t\tSend us a letter.\t\t\t\t\t<\/p>\n\t\t\t\t\n\t\t\t<\/div>\n\t\t\t\n\t\t<\/div>\n\t\t\t\t\t\t<\/div>\n\t\t\t\t<\/div>\n\t\t\t\t\t<\/div>\n\t\t<\/div>\n\t\t\t\t<div class=\"elementor-column elementor-col-33 elementor-top-column elementor-element elementor-element-bad12e4\" data-id=\"bad12e4\" data-element_type=\"column\">\n\t\t\t<div class=\"elementor-widget-wrap elementor-element-populated\">\n\t\t\t\t\t\t<div class=\"elementor-element elementor-element-d0936b3 elementor-widget elementor-widget-image\" data-id=\"d0936b3\" data-element_type=\"widget\" data-widget_type=\"image.default\">\n\t\t\t\t<div class=\"elementor-widget-container\">\n\t\t\t\t\t\t\t\t\t\t\t\t\t\t\t<img fetchpriority=\"high\" decoding=\"async\" width=\"800\" height=\"573\" src=\"https:\/\/www.mp-ce.com\/wp-content\/uploads\/2023\/01\/e-mail-symbol-1024x733.jpg\" class=\"attachment-large size-large wp-image-2837\" alt=\"E-mail symbol\" srcset=\"https:\/\/www.mp-ce.com\/wp-content\/uploads\/2023\/01\/e-mail-symbol-1024x733.jpg 1024w, https:\/\/www.mp-ce.com\/wp-content\/uploads\/2023\/01\/e-mail-symbol-300x215.jpg 300w, https:\/\/www.mp-ce.com\/wp-content\/uploads\/2023\/01\/e-mail-symbol-768x550.jpg 768w, https:\/\/www.mp-ce.com\/wp-content\/uploads\/2023\/01\/e-mail-symbol-1536x1100.jpg 1536w, https:\/\/www.mp-ce.com\/wp-content\/uploads\/2023\/01\/e-mail-symbol.jpg 2000w\" sizes=\"(max-width: 800px) 100vw, 800px\" \/>\t\t\t\t\t\t\t\t\t\t\t\t\t\t\t<\/div>\n\t\t\t\t<\/div>\n\t\t\t\t\t<\/div>\n\t\t<\/div>\n\t\t\t\t\t<\/div>\n\t\t<\/section>\n\t\t\t\t<\/div>","protected":false},"excerpt":{"rendered":"<p>Kontaktm\u00f6glichkeiten Kontaktdaten Holen Sie sich Ihr Angebot ein! Nehmen Sie mit uns Kontakt auf. Wir beraten Sie ausf\u00fchrlich und stimmen mit Ihnen ab, welches Angebot das Richtige f\u00fcr Ihren speziellen Bedarf ist. info@mp-ce.com Schreiben Sie uns eine E-Mail. m-p customs education Germany Ltd. Diepenseer Str. 10, 12529 Sch\u00f6nefeld Schicken Sie uns einen Brief.<\/p>","protected":false},"author":3458,"featured_media":0,"parent":0,"menu_order":0,"comment_status":"closed","ping_status":"closed","template":"elementor_header_footer","meta":{"footnotes":""},"class_list":["post-1421","page","type-page","status-publish","hentry"],"yoast_head":"<!-- This site is optimized with the Yoast SEO plugin v26.2 - https:\/\/yoast.com\/wordpress\/plugins\/seo\/ -->\n<title>Kontakt - m-p customs education Ltd.<\/title>\n<meta name=\"robots\" content=\"index, follow, max-snippet:-1, max-image-preview:large, max-video-preview:-1\" \/>\n<link rel=\"canonical\" href=\"https:\/\/www.mp-ce.com\/en\/kontakt\/\" \/>\n<meta property=\"og:locale\" content=\"en_US\" \/>\n<meta property=\"og:type\" content=\"article\" \/>\n<meta property=\"og:title\" content=\"Kontakt - m-p customs education Ltd.\" \/>\n<meta property=\"og:description\" content=\"Kontaktm\u00f6glichkeiten Kontaktdaten Holen Sie sich Ihr Angebot ein! Nehmen Sie mit uns Kontakt auf. Wir beraten Sie ausf\u00fchrlich und stimmen mit Ihnen ab, welches Angebot das Richtige f\u00fcr Ihren speziellen Bedarf ist. info@mp-ce.com Schreiben Sie uns eine E-Mail. m-p customs education Germany Ltd. Diepenseer Str. 10, 12529 Sch\u00f6nefeld Schicken Sie uns einen Brief.\" \/>\n<meta property=\"og:url\" content=\"https:\/\/www.mp-ce.com\/en\/kontakt\/\" \/>\n<meta property=\"og:site_name\" content=\"m-p customs education Ltd.\" \/>\n<meta property=\"article:modified_time\" content=\"2023-02-07T13:39:27+00:00\" \/>\n<meta property=\"og:image\" content=\"https:\/\/www.mp-ce.com\/wp-content\/uploads\/2023\/01\/e-mail-symbol-1024x733.jpg\" \/>\n<script type=\"application\/ld+json\" class=\"yoast-schema-graph\">{\"@context\":\"https:\/\/schema.org\",\"@graph\":[{\"@type\":\"WebPage\",\"@id\":\"https:\/\/www.mp-ce.com\/kontakt\/\",\"url\":\"https:\/\/www.mp-ce.com\/kontakt\/\",\"name\":\"Kontakt - m-p customs education Ltd.\",\"isPartOf\":{\"@id\":\"https:\/\/www.mp-ce.com\/#website\"},\"primaryImageOfPage\":{\"@id\":\"https:\/\/www.mp-ce.com\/kontakt\/#primaryimage\"},\"image\":{\"@id\":\"https:\/\/www.mp-ce.com\/kontakt\/#primaryimage\"},\"thumbnailUrl\":\"https:\/\/www.mp-ce.com\/wp-content\/uploads\/2023\/01\/e-mail-symbol-1024x733.jpg\",\"datePublished\":\"2022-08-10T00:05:42+00:00\",\"dateModified\":\"2023-02-07T13:39:27+00:00\",\"breadcrumb\":{\"@id\":\"https:\/\/www.mp-ce.com\/kontakt\/#breadcrumb\"},\"inLanguage\":\"en-US\",\"potentialAction\":[{\"@type\":\"ReadAction\",\"target\":[\"https:\/\/www.mp-ce.com\/kontakt\/\"]}]},{\"@type\":\"ImageObject\",\"inLanguage\":\"en-US\",\"@id\":\"https:\/\/www.mp-ce.com\/kontakt\/#primaryimage\",\"url\":\"https:\/\/www.mp-ce.com\/wp-content\/uploads\/2023\/01\/e-mail-symbol-1024x733.jpg\",\"contentUrl\":\"https:\/\/www.mp-ce.com\/wp-content\/uploads\/2023\/01\/e-mail-symbol-1024x733.jpg\"},{\"@type\":\"BreadcrumbList\",\"@id\":\"https:\/\/www.mp-ce.com\/kontakt\/#breadcrumb\",\"itemListElement\":[{\"@type\":\"ListItem\",\"position\":1,\"name\":\"Home\",\"item\":\"https:\/\/www.mp-ce.com\/\"},{\"@type\":\"ListItem\",\"position\":2,\"name\":\"Kontakt\"}]},{\"@type\":\"WebSite\",\"@id\":\"https:\/\/www.mp-ce.com\/#website\",\"url\":\"https:\/\/www.mp-ce.com\/\",\"name\":\"m-p customs education Ltd.\",\"description\":\"Wir lassen bzgl. Zoll und Au\u00dfenwirtschaft keine Fragen offen!\",\"publisher\":{\"@id\":\"https:\/\/www.mp-ce.com\/#organization\"},\"potentialAction\":[{\"@type\":\"SearchAction\",\"target\":{\"@type\":\"EntryPoint\",\"urlTemplate\":\"https:\/\/www.mp-ce.com\/?s={search_term_string}\"},\"query-input\":{\"@type\":\"PropertyValueSpecification\",\"valueRequired\":true,\"valueName\":\"search_term_string\"}}],\"inLanguage\":\"en-US\"},{\"@type\":\"Organization\",\"@id\":\"https:\/\/www.mp-ce.com\/#organization\",\"name\":\"m-p customs education Ltd.\",\"url\":\"https:\/\/www.mp-ce.com\/\",\"logo\":{\"@type\":\"ImageObject\",\"inLanguage\":\"en-US\",\"@id\":\"https:\/\/www.mp-ce.com\/#\/schema\/logo\/image\/\",\"url\":\"https:\/\/www.mp-ce.com\/wp-content\/uploads\/2023\/02\/mp-ce-logo.png\",\"contentUrl\":\"https:\/\/www.mp-ce.com\/wp-content\/uploads\/2023\/02\/mp-ce-logo.png\",\"width\":1639,\"height\":330,\"caption\":\"m-p customs education Ltd.\"},\"image\":{\"@id\":\"https:\/\/www.mp-ce.com\/#\/schema\/logo\/image\/\"}}]}<\/script>\n<!-- \/ Yoast SEO plugin. -->","yoast_head_json":{"title":"Kontakt - m-p customs education Ltd.","robots":{"index":"index","follow":"follow","max-snippet":"max-snippet:-1","max-image-preview":"max-image-preview:large","max-video-preview":"max-video-preview:-1"},"canonical":"https:\/\/www.mp-ce.com\/en\/kontakt\/","og_locale":"en_US","og_type":"article","og_title":"Kontakt - m-p customs education Ltd.","og_description":"Kontaktm\u00f6glichkeiten Kontaktdaten Holen Sie sich Ihr Angebot ein! Nehmen Sie mit uns Kontakt auf. Wir beraten Sie ausf\u00fchrlich und stimmen mit Ihnen ab, welches Angebot das Richtige f\u00fcr Ihren speziellen Bedarf ist. info@mp-ce.com Schreiben Sie uns eine E-Mail. m-p customs education Germany Ltd. Diepenseer Str. 10, 12529 Sch\u00f6nefeld Schicken Sie uns einen Brief.","og_url":"https:\/\/www.mp-ce.com\/en\/kontakt\/","og_site_name":"m-p customs education Ltd.","article_modified_time":"2023-02-07T13:39:27+00:00","og_image":[{"url":"https:\/\/www.mp-ce.com\/wp-content\/uploads\/2023\/01\/e-mail-symbol-1024x733.jpg","type":"","width":"","height":""}],"schema":{"@context":"https:\/\/schema.org","@graph":[{"@type":"WebPage","@id":"https:\/\/www.mp-ce.com\/kontakt\/","url":"https:\/\/www.mp-ce.com\/kontakt\/","name":"Kontakt - m-p customs education Ltd.","isPartOf":{"@id":"https:\/\/www.mp-ce.com\/#website"},"primaryImageOfPage":{"@id":"https:\/\/www.mp-ce.com\/kontakt\/#primaryimage"},"image":{"@id":"https:\/\/www.mp-ce.com\/kontakt\/#primaryimage"},"thumbnailUrl":"https:\/\/www.mp-ce.com\/wp-content\/uploads\/2023\/01\/e-mail-symbol-1024x733.jpg","datePublished":"2022-08-10T00:05:42+00:00","dateModified":"2023-02-07T13:39:27+00:00","breadcrumb":{"@id":"https:\/\/www.mp-ce.com\/kontakt\/#breadcrumb"},"inLanguage":"en-US","potentialAction":[{"@type":"ReadAction","target":["https:\/\/www.mp-ce.com\/kontakt\/"]}]},{"@type":"ImageObject","inLanguage":"en-US","@id":"https:\/\/www.mp-ce.com\/kontakt\/#primaryimage","url":"https:\/\/www.mp-ce.com\/wp-content\/uploads\/2023\/01\/e-mail-symbol-1024x733.jpg","contentUrl":"https:\/\/www.mp-ce.com\/wp-content\/uploads\/2023\/01\/e-mail-symbol-1024x733.jpg"},{"@type":"BreadcrumbList","@id":"https:\/\/www.mp-ce.com\/kontakt\/#breadcrumb","itemListElement":[{"@type":"ListItem","position":1,"name":"Home","item":"https:\/\/www.mp-ce.com\/"},{"@type":"ListItem","position":2,"name":"Kontakt"}]},{"@type":"WebSite","@id":"https:\/\/www.mp-ce.com\/#website","url":"https:\/\/www.mp-ce.com\/","name":"m-p customs education Ltd.","description":"In regards to customs and foreign trade, we leave no questions unanswered!","publisher":{"@id":"https:\/\/www.mp-ce.com\/#organization"},"potentialAction":[{"@type":"SearchAction","target":{"@type":"EntryPoint","urlTemplate":"https:\/\/www.mp-ce.com\/?s={search_term_string}"},"query-input":{"@type":"PropertyValueSpecification","valueRequired":true,"valueName":"search_term_string"}}],"inLanguage":"en-US"},{"@type":"Organization","@id":"https:\/\/www.mp-ce.com\/#organization","name":"m-p customs education Ltd.","url":"https:\/\/www.mp-ce.com\/","logo":{"@type":"ImageObject","inLanguage":"en-US","@id":"https:\/\/www.mp-ce.com\/#\/schema\/logo\/image\/","url":"https:\/\/www.mp-ce.com\/wp-content\/uploads\/2023\/02\/mp-ce-logo.png","contentUrl":"https:\/\/www.mp-ce.com\/wp-content\/uploads\/2023\/02\/mp-ce-logo.png","width":1639,"height":330,"caption":"m-p customs education Ltd."},"image":{"@id":"https:\/\/www.mp-ce.com\/#\/schema\/logo\/image\/"}}]}},"_links":{"self":[{"href":"https:\/\/www.mp-ce.com\/en\/wp-json\/wp\/v2\/pages\/1421","targetHints":{"allow":["GET"]}}],"collection":[{"href":"https:\/\/www.mp-ce.com\/en\/wp-json\/wp\/v2\/pages"}],"about":[{"href":"https:\/\/www.mp-ce.com\/en\/wp-json\/wp\/v2\/types\/page"}],"author":[{"embeddable":true,"href":"https:\/\/www.mp-ce.com\/en\/wp-json\/wp\/v2\/users\/3458"}],"replies":[{"embeddable":true,"href":"https:\/\/www.mp-ce.com\/en\/wp-json\/wp\/v2\/comments?post=1421"}],"version-history":[{"count":31,"href":"https:\/\/www.mp-ce.com\/en\/wp-json\/wp\/v2\/pages\/1421\/revisions"}],"predecessor-version":[{"id":3216,"href":"https:\/\/www.mp-ce.com\/en\/wp-json\/wp\/v2\/pages\/1421\/revisions\/3216"}],"wp:attachment":[{"href":"https:\/\/www.mp-ce.com\/en\/wp-json\/wp\/v2\/media?parent=1421"}],"curies":[{"name":"wp","href":"https:\/\/api.w.org\/{rel}","templated":true}]}}